{"id":68,"date":"2018-09-02T14:25:10","date_gmt":"2018-09-02T14:25:10","guid":{"rendered":"http:\/\/xn--sportschtzenfurth-92b.ch\/?page_id=68"},"modified":"2023-04-01T16:41:57","modified_gmt":"2023-04-01T16:41:57","slug":"vorstand","status":"publish","type":"page","link":"http:\/\/xn--sportschtzenfurth-92b.ch\/?page_id=68","title":{"rendered":"Vorstand"},"content":{"rendered":"<pre><strong>Pr\u00e4sident\r\n\r\n<\/strong>Alfred Badertscher jun.\r\nGstein 68\r\n3512 Walkringen\r\nN: 079 637 58 63\r\nemail: alfred.badertscher@bluewin.ch\r\n\r\n<strong>Vize Pr\u00e4sident\r\n\r\n<\/strong>Yannick Berta\r\nLangnaustrasse 22\r\n3532 Z\u00e4ziwil\r\nN: 079 527 71 00\r\nemail: y.berta@gmx.ch\r\n\r\n<strong>Sekret\u00e4r\r\n\r\n<\/strong>Thomas Kobel\r\nR\u00fcttihubel\r\n3512 Walkringen\r\nN: 079 257 76 15\r\nemail: kobel.thomas@bluewin.ch\r\n\r\n<strong>Kassier\r\n\r\n<\/strong>Ryser Martin\r\nWikartswil 631\r\n3512 Walkringen\r\nN: 079 775 99 78\r\nP: 031 701 12 32\r\nemail: mryser@gmx.ch\r\n\r\n<strong>Schiesssekret\u00e4r\r\n\r\n<\/strong>Martin R\u00f6thlisberger\r\nAegelmoosweg 3\r\n3512 Walkringen\r\nN: 079 543 79 6\r\nemail: roeth.martin@bluewin.ch\r\n\r\n<strong>1. Sch\u00fctzenmeister\r\n\r\n<\/strong>Heinz W\u00fcthrich\r\nDornistrasse 34\r\n3512 Walkringen\r\nN: 079 311 35 06\r\nP: 031 701 24 69\r\nemail: h.wuethrich@zapp.ch \u00a0 \r\n\r\n<strong>Beisitzer\r\n\r\n<\/strong>Lars Schmid\r\nKleinroth 386\r\n3507 Biglen \r\nN: 079 242 96 01\r\nemail: lars_schmid9@hotmail.com\r\n\r\nBernhard M\u00fcller\r\nArnis\u00e4gestrasse 2\r\n3508 Arni\r\nN: 079 652 34 73\r\nemail: b.mueller@zapp.ch\r\n\r\n<\/pre>\n","protected":false},"excerpt":{"rendered":"<p>Pr\u00e4sident Alfred Badertscher jun. Gstein 68 3512 Walkringen N: 079 637 58 63 email: alfred.badertscher@bluewin.ch Vize Pr\u00e4sident Yannick Berta Langnaustrasse 22 3532 Z\u00e4ziwil N: 079 527 71 00 email: y.berta@gmx.ch Sekret\u00e4r Thomas Kobel R\u00fcttihubel 3512 Walkringen N: 079 257 76 15 email: kobel.thomas@bluewin.ch Kassier Ryser Martin Wikartswil 631 3512 Walkringen N: 079 775 99 78 &hellip; <a href=\"http:\/\/xn--sportschtzenfurth-92b.ch\/?page_id=68\" class=\"more-link\"><span class=\"screen-reader-text\">Vorstand<\/span> weiterlesen<\/a><\/p>\n","protected":false},"author":1,"featured_media":0,"parent":0,"menu_order":0,"comment_status":"closed","ping_status":"closed","template":"","meta":{"footnotes":""},"class_list":["post-68","page","type-page","status-publish","hentry"],"_links":{"self":[{"href":"http:\/\/xn--sportschtzenfurth-92b.ch\/index.php?rest_route=\/wp\/v2\/pages\/68","targetHints":{"allow":["GET"]}}],"collection":[{"href":"http:\/\/xn--sportschtzenfurth-92b.ch\/index.php?rest_route=\/wp\/v2\/pages"}],"about":[{"href":"http:\/\/xn--sportschtzenfurth-92b.ch\/index.php?rest_route=\/wp\/v2\/types\/page"}],"author":[{"embeddable":true,"href":"http:\/\/xn--sportschtzenfurth-92b.ch\/index.php?rest_route=\/wp\/v2\/users\/1"}],"replies":[{"embeddable":true,"href":"http:\/\/xn--sportschtzenfurth-92b.ch\/index.php?rest_route=%2Fwp%2Fv2%2Fcomments&post=68"}],"version-history":[{"count":14,"href":"http:\/\/xn--sportschtzenfurth-92b.ch\/index.php?rest_route=\/wp\/v2\/pages\/68\/revisions"}],"predecessor-version":[{"id":341,"href":"http:\/\/xn--sportschtzenfurth-92b.ch\/index.php?rest_route=\/wp\/v2\/pages\/68\/revisions\/341"}],"wp:attachment":[{"href":"http:\/\/xn--sportschtzenfurth-92b.ch\/index.php?rest_route=%2Fwp%2Fv2%2Fmedia&parent=68"}],"curies":[{"name":"wp","href":"https:\/\/api.w.org\/{rel}","templated":true}]}}